{"id":3,"date":"2025-01-30T04:49:13","date_gmt":"2025-01-30T04:49:13","guid":{"rendered":"https:\/\/weinsfoods.kinex12.com\/?page_id=3"},"modified":"2025-08-29T13:23:28","modified_gmt":"2025-08-29T13:23:28","slug":"privacy-policy","status":"publish","type":"page","link":"https:\/\/weinsfoods.kinex12.com\/fr\/privacy-policy\/","title":{"rendered":"Politique de confidentialit\u00e9"},"content":{"rendered":"<h4>Informations collect\u00e9es<\/h4>\n<p>Nous pouvons collecter les types d'informations personnelles suivants :<br \/>\n<strong>Informations de contact :<\/strong> Nom, adresse, num\u00e9ro de t\u00e9l\u00e9phone, adresse \u00e9lectronique.<br \/>\n<strong>Informations sur la commande :<\/strong> D\u00e9tails des produits que vous commandez, adresses de livraison et informations de paiement.<br \/>\n<strong>Informations sur le compte :<\/strong> Nom d'utilisateur, mot de passe et autres d\u00e9tails relatifs \u00e0 votre compte.<br \/>\n<strong>Informations sur l'utilisation :<\/strong> Des informations sur la mani\u00e8re dont vous interagissez avec notre site web, y compris les adresses IP, le type de navigateur et les pages visit\u00e9es.<br \/>\n<strong>Donn\u00e9es de communication :<\/strong> Toute information que vous fournissez lorsque vous nous contactez, y compris la correspondance et les commentaires.<\/p>\n<h4>Comment nous utilisons vos informations<\/h4>\n<p data-start=\"876\" data-end=\"919\">Vos informations personnelles peuvent \u00eatre utilis\u00e9es pour<\/p>\n<ul data-start=\"920\" data-end=\"1096\">\n<li data-start=\"920\" data-end=\"958\">\n<p data-start=\"922\" data-end=\"958\">Fournir nos produits et services.<\/p>\n<\/li>\n<li data-start=\"959\" data-end=\"1013\">\n<p data-start=\"961\" data-end=\"1013\">Traiter vos commandes et r\u00e9pondre \u00e0 vos demandes.<\/p>\n<\/li>\n<li data-start=\"1014\" data-end=\"1057\">\n<p data-start=\"1016\" data-end=\"1057\">Am\u00e9liorer notre site web et nos communications.<\/p>\n<\/li>\n<li data-start=\"1058\" data-end=\"1096\">\n<p data-start=\"1060\" data-end=\"1096\">Respecter nos obligations l\u00e9gales.<\/p>\n<\/li>\n<\/ul>\n<h4>Comment nous partageons vos informations<\/h4>\n<p data-start=\"1137\" data-end=\"1208\">Nous ne vendons pas vos informations personnelles. Elles ne peuvent \u00eatre partag\u00e9es qu'avec :<\/p>\n<ul data-start=\"1209\" data-end=\"1349\">\n<li data-start=\"1209\" data-end=\"1299\">\n<p data-start=\"1211\" data-end=\"1299\">Nos employ\u00e9s et prestataires de services (dans la mesure o\u00f9 cela est n\u00e9cessaire \u00e0 l'exercice de leurs fonctions).<\/p>\n<\/li>\n<li data-start=\"1300\" data-end=\"1349\">\n<p data-start=\"1302\" data-end=\"1349\">les autorit\u00e9s gouvernementales lorsque la loi l'exige.<\/p>\n<\/li>\n<\/ul>\n<h4>Vos droits<\/h4>\n<p>Bien que toutes les pr\u00e9cautions soient prises pour s'assurer que les articles sont d\u00e9crits avec pr\u00e9cision, nous nous r\u00e9servons le droit de corriger toute erreur qui pourrait survenir. Veuillez consulter votre revendeur HOME pour obtenir des informations \u00e0 jour.<\/p>\n<h4>Contactez-nous<\/h4>\n<p>Si vous avez des questions ou des pr\u00e9occupations concernant la pr\u00e9sente politique de protection de la vie priv\u00e9e, veuillez vous adresser \u00e0 <a style=\"text-decoration: underline;\" href=\"\/fr\/contact-us\/\">nous contacter<\/a>.<\/p>","protected":false},"excerpt":{"rendered":"<p>Information We Collect We may collect the following types of personal information: Contact Information: Name, address, phone number, email address. Order Information: Details of the products you order, delivery addresses, and payment information. Account Information: Username, password, and other details related to your account. Usage Information: Information about how you interact with our website, including <a href=\"https:\/\/weinsfoods.kinex12.com\/fr\/privacy-policy\/\" class=\"more-link\">&#8230;<span class=\"screen-reader-text\">  Politique de confidentialit\u00e9<\/span><\/a><\/p>","protected":false},"author":1,"featured_media":1883,"parent":0,"menu_order":0,"comment_status":"closed","ping_status":"open","template":"privacy-policy.php","meta":{"_acf_changed":false,"footnotes":""},"class_list":["post-3","page","type-page","status-publish","has-post-thumbnail","hentry"],"acf":[],"yoast_head":"<!-- This site is optimized with the Yoast SEO plugin v25.1 - https:\/\/yoast.com\/wordpress\/plugins\/seo\/ -->\n<title>WEINS FOOD Ltd :: Privacy Policy<\/title>\n<meta name=\"description\" content=\"Understand how Weins Foods handles your data with transparency and care. Read our comprehensive privacy policy here.\" \/>\n<meta name=\"robots\" content=\"noindex, follow, max-snippet:-1, max-image-preview:large, max-video-preview:-1\" \/>\n<meta property=\"og:locale\" content=\"fr_CA\" \/>\n<meta property=\"og:type\" content=\"article\" \/>\n<meta property=\"og:title\" content=\"WEINS FOOD Ltd :: Privacy Policy\" \/>\n<meta property=\"og:description\" content=\"Understand how Weins Foods handles your data with transparency and care. Read our comprehensive privacy policy here.\" \/>\n<meta property=\"og:url\" content=\"https:\/\/weinsfoods.kinex12.com\/fr\/privacy-policy\/\" \/>\n<meta property=\"og:site_name\" content=\"Weins Foods\" \/>\n<meta property=\"article:modified_time\" content=\"2025-08-29T13:23:28+00:00\" \/>\n<meta property=\"og:image\" content=\"https:\/\/weinsfoods.kinex12.com\/wp-content\/uploads\/2025\/08\/Privacy-Policy-Banner.jpg\" \/>\n\t<meta property=\"og:image:width\" content=\"1920\" \/>\n\t<meta property=\"og:image:height\" content=\"370\" \/>\n\t<meta property=\"og:image:type\" content=\"image\/jpeg\" \/>\n<meta name=\"twitter:card\" content=\"summary_large_image\" \/>\n<meta name=\"twitter:label1\" content=\"Est. reading time\" \/>\n\t<meta name=\"twitter:data1\" content=\"2 minutes\" \/>\n<script type=\"application\/ld+json\" class=\"yoast-schema-graph\">{\"@context\":\"https:\/\/schema.org\",\"@graph\":[{\"@type\":\"WebPage\",\"@id\":\"https:\/\/weinsfoods.kinex12.com\/privacy-policy\/\",\"url\":\"https:\/\/weinsfoods.kinex12.com\/privacy-policy\/\",\"name\":\"WEINS FOOD Ltd :: Privacy Policy\",\"isPartOf\":{\"@id\":\"https:\/\/weinsfoods.kinex12.com\/#website\"},\"primaryImageOfPage\":{\"@id\":\"https:\/\/weinsfoods.kinex12.com\/privacy-policy\/#primaryimage\"},\"image\":{\"@id\":\"https:\/\/weinsfoods.kinex12.com\/privacy-policy\/#primaryimage\"},\"thumbnailUrl\":\"https:\/\/weinsfoods.kinex12.com\/wp-content\/uploads\/2025\/08\/Privacy-Policy-Banner.jpg\",\"datePublished\":\"2025-01-30T04:49:13+00:00\",\"dateModified\":\"2025-08-29T13:23:28+00:00\",\"description\":\"Understand how Weins Foods handles your data with transparency and care. Read our comprehensive privacy policy here.\",\"breadcrumb\":{\"@id\":\"https:\/\/weinsfoods.kinex12.com\/privacy-policy\/#breadcrumb\"},\"inLanguage\":\"fr-CA\",\"potentialAction\":[{\"@type\":\"ReadAction\",\"target\":[\"https:\/\/weinsfoods.kinex12.com\/privacy-policy\/\"]}]},{\"@type\":\"ImageObject\",\"inLanguage\":\"fr-CA\",\"@id\":\"https:\/\/weinsfoods.kinex12.com\/privacy-policy\/#primaryimage\",\"url\":\"https:\/\/weinsfoods.kinex12.com\/wp-content\/uploads\/2025\/08\/Privacy-Policy-Banner.jpg\",\"contentUrl\":\"https:\/\/weinsfoods.kinex12.com\/wp-content\/uploads\/2025\/08\/Privacy-Policy-Banner.jpg\",\"width\":1920,\"height\":370},{\"@type\":\"BreadcrumbList\",\"@id\":\"https:\/\/weinsfoods.kinex12.com\/privacy-policy\/#breadcrumb\",\"itemListElement\":[{\"@type\":\"ListItem\",\"position\":1,\"name\":\"Home\",\"item\":\"https:\/\/weinsfoods.kinex12.com\/\"},{\"@type\":\"ListItem\",\"position\":2,\"name\":\"Privacy Policy\"}]},{\"@type\":\"WebSite\",\"@id\":\"https:\/\/weinsfoods.kinex12.com\/#website\",\"url\":\"https:\/\/weinsfoods.kinex12.com\/\",\"name\":\"Weins Foods\",\"description\":\"\",\"potentialAction\":[{\"@type\":\"SearchAction\",\"target\":{\"@type\":\"EntryPoint\",\"urlTemplate\":\"https:\/\/weinsfoods.kinex12.com\/?s={search_term_string}\"},\"query-input\":{\"@type\":\"PropertyValueSpecification\",\"valueRequired\":true,\"valueName\":\"search_term_string\"}}],\"inLanguage\":\"fr-CA\"}]}<\/script>\n<!-- \/ Yoast SEO plugin. -->","yoast_head_json":{"title":"WEINS FOOD Ltd :: Privacy Policy","description":"Understand how Weins Foods handles your data with transparency and care. Read our comprehensive privacy policy here.","robots":{"index":"noindex","follow":"follow","max-snippet":"max-snippet:-1","max-image-preview":"max-image-preview:large","max-video-preview":"max-video-preview:-1"},"og_locale":"fr_CA","og_type":"article","og_title":"WEINS FOOD Ltd :: Privacy Policy","og_description":"Understand how Weins Foods handles your data with transparency and care. Read our comprehensive privacy policy here.","og_url":"https:\/\/weinsfoods.kinex12.com\/fr\/privacy-policy\/","og_site_name":"Weins Foods","article_modified_time":"2025-08-29T13:23:28+00:00","og_image":[{"width":1920,"height":370,"url":"https:\/\/weinsfoods.kinex12.com\/wp-content\/uploads\/2025\/08\/Privacy-Policy-Banner.jpg","type":"image\/jpeg"}],"twitter_card":"summary_large_image","twitter_misc":{"Est. reading time":"2 minutes"},"schema":{"@context":"https:\/\/schema.org","@graph":[{"@type":"WebPage","@id":"https:\/\/weinsfoods.kinex12.com\/privacy-policy\/","url":"https:\/\/weinsfoods.kinex12.com\/privacy-policy\/","name":"WEINS FOOD Ltd :: Privacy Policy","isPartOf":{"@id":"https:\/\/weinsfoods.kinex12.com\/#website"},"primaryImageOfPage":{"@id":"https:\/\/weinsfoods.kinex12.com\/privacy-policy\/#primaryimage"},"image":{"@id":"https:\/\/weinsfoods.kinex12.com\/privacy-policy\/#primaryimage"},"thumbnailUrl":"https:\/\/weinsfoods.kinex12.com\/wp-content\/uploads\/2025\/08\/Privacy-Policy-Banner.jpg","datePublished":"2025-01-30T04:49:13+00:00","dateModified":"2025-08-29T13:23:28+00:00","description":"Understand how Weins Foods handles your data with transparency and care. Read our comprehensive privacy policy here.","breadcrumb":{"@id":"https:\/\/weinsfoods.kinex12.com\/privacy-policy\/#breadcrumb"},"inLanguage":"fr-CA","potentialAction":[{"@type":"ReadAction","target":["https:\/\/weinsfoods.kinex12.com\/privacy-policy\/"]}]},{"@type":"ImageObject","inLanguage":"fr-CA","@id":"https:\/\/weinsfoods.kinex12.com\/privacy-policy\/#primaryimage","url":"https:\/\/weinsfoods.kinex12.com\/wp-content\/uploads\/2025\/08\/Privacy-Policy-Banner.jpg","contentUrl":"https:\/\/weinsfoods.kinex12.com\/wp-content\/uploads\/2025\/08\/Privacy-Policy-Banner.jpg","width":1920,"height":370},{"@type":"BreadcrumbList","@id":"https:\/\/weinsfoods.kinex12.com\/privacy-policy\/#breadcrumb","itemListElement":[{"@type":"ListItem","position":1,"name":"Home","item":"https:\/\/weinsfoods.kinex12.com\/"},{"@type":"ListItem","position":2,"name":"Privacy Policy"}]},{"@type":"WebSite","@id":"https:\/\/weinsfoods.kinex12.com\/#website","url":"https:\/\/weinsfoods.kinex12.com\/","name":"Weins Foods","description":"","potentialAction":[{"@type":"SearchAction","target":{"@type":"EntryPoint","urlTemplate":"https:\/\/weinsfoods.kinex12.com\/?s={search_term_string}"},"query-input":{"@type":"PropertyValueSpecification","valueRequired":true,"valueName":"search_term_string"}}],"inLanguage":"fr-CA"}]}},"_links":{"self":[{"href":"https:\/\/weinsfoods.kinex12.com\/fr\/wp-json\/wp\/v2\/pages\/3","targetHints":{"allow":["GET"]}}],"collection":[{"href":"https:\/\/weinsfoods.kinex12.com\/fr\/wp-json\/wp\/v2\/pages"}],"about":[{"href":"https:\/\/weinsfoods.kinex12.com\/fr\/wp-json\/wp\/v2\/types\/page"}],"author":[{"embeddable":true,"href":"https:\/\/weinsfoods.kinex12.com\/fr\/wp-json\/wp\/v2\/users\/1"}],"replies":[{"embeddable":true,"href":"https:\/\/weinsfoods.kinex12.com\/fr\/wp-json\/wp\/v2\/comments?post=3"}],"version-history":[{"count":0,"href":"https:\/\/weinsfoods.kinex12.com\/fr\/wp-json\/wp\/v2\/pages\/3\/revisions"}],"wp:featuredmedia":[{"embeddable":true,"href":"https:\/\/weinsfoods.kinex12.com\/fr\/wp-json\/wp\/v2\/media\/1883"}],"wp:attachment":[{"href":"https:\/\/weinsfoods.kinex12.com\/fr\/wp-json\/wp\/v2\/media?parent=3"}],"curies":[{"name":"wp","href":"https:\/\/api.w.org\/{rel}","templated":true}]}}