{"id":1066,"date":"2025-05-07T10:46:32","date_gmt":"2025-05-07T10:46:32","guid":{"rendered":"https:\/\/weinsfoods.kinex12.com\/?post_type=product&#038;p=1066"},"modified":"2025-08-29T17:19:27","modified_gmt":"2025-08-29T17:19:27","slug":"mexi-kaza","status":"publish","type":"product","link":"https:\/\/weinsfoods.kinex12.com\/fr\/product\/mexi-kaza\/","title":{"rendered":"CHEF NUTRI MEXI-KAZA - Garniture pour pizza, m\u00e9lange de cheddar et de Monterey Jack r\u00e2p\u00e9"},"content":{"rendered":"","protected":false},"excerpt":{"rendered":"","protected":false},"featured_media":1127,"template":"","meta":{"_acf_changed":false},"product-category":[8],"class_list":["post-1066","product","type-product","status-publish","has-post-thumbnail","hentry","product-category-shredded-blends"],"acf":[],"yoast_head":"<!-- This site is optimized with the Yoast SEO plugin v25.1 - https:\/\/yoast.com\/wordpress\/plugins\/seo\/ -->\n<title>Weins Foods Ltd :: Mexi-Kaza<\/title>\n<meta name=\"description\" content=\"Mexi-Kaza by Weins Foods delivers bold flavors for Mexican-inspired dishes. Perfect for every fiesta.\" \/>\n<meta name=\"robots\" content=\"noindex, follow, max-snippet:-1, max-image-preview:large, max-video-preview:-1\" \/>\n<meta property=\"og:locale\" content=\"fr_CA\" \/>\n<meta property=\"og:type\" content=\"article\" \/>\n<meta property=\"og:title\" content=\"Weins Foods Ltd :: Mexi-Kaza\" \/>\n<meta property=\"og:description\" content=\"Mexi-Kaza by Weins Foods delivers bold flavors for Mexican-inspired dishes. Perfect for every fiesta.\" \/>\n<meta property=\"og:url\" content=\"https:\/\/weinsfoods.kinex12.com\/fr\/product\/mexi-kaza\/\" \/>\n<meta property=\"og:site_name\" content=\"Weins Foods\" \/>\n<meta property=\"article:modified_time\" content=\"2025-08-29T17:19:27+00:00\" \/>\n<meta property=\"og:image\" content=\"https:\/\/weinsfoods.kinex12.com\/wp-content\/uploads\/2025\/05\/16_08_16_02_33_3880618.jpg\" \/>\n\t<meta property=\"og:image:width\" content=\"465\" \/>\n\t<meta property=\"og:image:height\" content=\"375\" \/>\n\t<meta property=\"og:image:type\" content=\"image\/jpeg\" \/>\n<meta name=\"twitter:card\" content=\"summary_large_image\" \/>\n<meta name=\"twitter:label1\" content=\"Est. reading time\" \/>\n\t<meta name=\"twitter:data1\" content=\"1 minute\" \/>\n<script type=\"application\/ld+json\" class=\"yoast-schema-graph\">{\"@context\":\"https:\/\/schema.org\",\"@graph\":[{\"@type\":\"WebPage\",\"@id\":\"https:\/\/weinsfoods.kinex12.com\/product\/mexi-kaza\/\",\"url\":\"https:\/\/weinsfoods.kinex12.com\/product\/mexi-kaza\/\",\"name\":\"Weins Foods Ltd :: Mexi-Kaza\",\"isPartOf\":{\"@id\":\"https:\/\/weinsfoods.kinex12.com\/#website\"},\"primaryImageOfPage\":{\"@id\":\"https:\/\/weinsfoods.kinex12.com\/product\/mexi-kaza\/#primaryimage\"},\"image\":{\"@id\":\"https:\/\/weinsfoods.kinex12.com\/product\/mexi-kaza\/#primaryimage\"},\"thumbnailUrl\":\"https:\/\/weinsfoods.kinex12.com\/wp-content\/uploads\/2025\/05\/16_08_16_02_33_3880618.jpg\",\"datePublished\":\"2025-05-07T10:46:32+00:00\",\"dateModified\":\"2025-08-29T17:19:27+00:00\",\"description\":\"Mexi-Kaza by Weins Foods delivers bold flavors for Mexican-inspired dishes. Perfect for every fiesta.\",\"breadcrumb\":{\"@id\":\"https:\/\/weinsfoods.kinex12.com\/product\/mexi-kaza\/#breadcrumb\"},\"inLanguage\":\"fr-CA\",\"potentialAction\":[{\"@type\":\"ReadAction\",\"target\":[\"https:\/\/weinsfoods.kinex12.com\/product\/mexi-kaza\/\"]}]},{\"@type\":\"ImageObject\",\"inLanguage\":\"fr-CA\",\"@id\":\"https:\/\/weinsfoods.kinex12.com\/product\/mexi-kaza\/#primaryimage\",\"url\":\"https:\/\/weinsfoods.kinex12.com\/wp-content\/uploads\/2025\/05\/16_08_16_02_33_3880618.jpg\",\"contentUrl\":\"https:\/\/weinsfoods.kinex12.com\/wp-content\/uploads\/2025\/05\/16_08_16_02_33_3880618.jpg\",\"width\":465,\"height\":375},{\"@type\":\"BreadcrumbList\",\"@id\":\"https:\/\/weinsfoods.kinex12.com\/product\/mexi-kaza\/#breadcrumb\",\"itemListElement\":[{\"@type\":\"ListItem\",\"position\":1,\"name\":\"Home\",\"item\":\"https:\/\/weinsfoods.kinex12.com\/\"},{\"@type\":\"ListItem\",\"position\":2,\"name\":\"CHEF NUTRI MEXI-KAZA &#8211; Pizza Topping, Cheddar &#038; Monterey Jack Blend Shred\"}]},{\"@type\":\"WebSite\",\"@id\":\"https:\/\/weinsfoods.kinex12.com\/#website\",\"url\":\"https:\/\/weinsfoods.kinex12.com\/\",\"name\":\"Weins Foods\",\"description\":\"\",\"potentialAction\":[{\"@type\":\"SearchAction\",\"target\":{\"@type\":\"EntryPoint\",\"urlTemplate\":\"https:\/\/weinsfoods.kinex12.com\/?s={search_term_string}\"},\"query-input\":{\"@type\":\"PropertyValueSpecification\",\"valueRequired\":true,\"valueName\":\"search_term_string\"}}],\"inLanguage\":\"fr-CA\"}]}<\/script>\n<!-- \/ Yoast SEO plugin. -->","yoast_head_json":{"title":"Weins Foods Ltd :: Mexi-Kaza","description":"Mexi-Kaza by Weins Foods delivers bold flavors for Mexican-inspired dishes. Perfect for every fiesta.","robots":{"index":"noindex","follow":"follow","max-snippet":"max-snippet:-1","max-image-preview":"max-image-preview:large","max-video-preview":"max-video-preview:-1"},"og_locale":"fr_CA","og_type":"article","og_title":"Weins Foods Ltd :: Mexi-Kaza","og_description":"Mexi-Kaza by Weins Foods delivers bold flavors for Mexican-inspired dishes. Perfect for every fiesta.","og_url":"https:\/\/weinsfoods.kinex12.com\/fr\/product\/mexi-kaza\/","og_site_name":"Weins Foods","article_modified_time":"2025-08-29T17:19:27+00:00","og_image":[{"width":465,"height":375,"url":"https:\/\/weinsfoods.kinex12.com\/wp-content\/uploads\/2025\/05\/16_08_16_02_33_3880618.jpg","type":"image\/jpeg"}],"twitter_card":"summary_large_image","twitter_misc":{"Est. reading time":"1 minute"},"schema":{"@context":"https:\/\/schema.org","@graph":[{"@type":"WebPage","@id":"https:\/\/weinsfoods.kinex12.com\/product\/mexi-kaza\/","url":"https:\/\/weinsfoods.kinex12.com\/product\/mexi-kaza\/","name":"Weins Foods Ltd :: Mexi-Kaza","isPartOf":{"@id":"https:\/\/weinsfoods.kinex12.com\/#website"},"primaryImageOfPage":{"@id":"https:\/\/weinsfoods.kinex12.com\/product\/mexi-kaza\/#primaryimage"},"image":{"@id":"https:\/\/weinsfoods.kinex12.com\/product\/mexi-kaza\/#primaryimage"},"thumbnailUrl":"https:\/\/weinsfoods.kinex12.com\/wp-content\/uploads\/2025\/05\/16_08_16_02_33_3880618.jpg","datePublished":"2025-05-07T10:46:32+00:00","dateModified":"2025-08-29T17:19:27+00:00","description":"Mexi-Kaza by Weins Foods delivers bold flavors for Mexican-inspired dishes. Perfect for every fiesta.","breadcrumb":{"@id":"https:\/\/weinsfoods.kinex12.com\/product\/mexi-kaza\/#breadcrumb"},"inLanguage":"fr-CA","potentialAction":[{"@type":"ReadAction","target":["https:\/\/weinsfoods.kinex12.com\/product\/mexi-kaza\/"]}]},{"@type":"ImageObject","inLanguage":"fr-CA","@id":"https:\/\/weinsfoods.kinex12.com\/product\/mexi-kaza\/#primaryimage","url":"https:\/\/weinsfoods.kinex12.com\/wp-content\/uploads\/2025\/05\/16_08_16_02_33_3880618.jpg","contentUrl":"https:\/\/weinsfoods.kinex12.com\/wp-content\/uploads\/2025\/05\/16_08_16_02_33_3880618.jpg","width":465,"height":375},{"@type":"BreadcrumbList","@id":"https:\/\/weinsfoods.kinex12.com\/product\/mexi-kaza\/#breadcrumb","itemListElement":[{"@type":"ListItem","position":1,"name":"Home","item":"https:\/\/weinsfoods.kinex12.com\/"},{"@type":"ListItem","position":2,"name":"CHEF NUTRI MEXI-KAZA &#8211; Pizza Topping, Cheddar &#038; Monterey Jack Blend Shred"}]},{"@type":"WebSite","@id":"https:\/\/weinsfoods.kinex12.com\/#website","url":"https:\/\/weinsfoods.kinex12.com\/","name":"Weins Foods","description":"","potentialAction":[{"@type":"SearchAction","target":{"@type":"EntryPoint","urlTemplate":"https:\/\/weinsfoods.kinex12.com\/?s={search_term_string}"},"query-input":{"@type":"PropertyValueSpecification","valueRequired":true,"valueName":"search_term_string"}}],"inLanguage":"fr-CA"}]}},"_links":{"self":[{"href":"https:\/\/weinsfoods.kinex12.com\/fr\/wp-json\/wp\/v2\/product\/1066","targetHints":{"allow":["GET"]}}],"collection":[{"href":"https:\/\/weinsfoods.kinex12.com\/fr\/wp-json\/wp\/v2\/product"}],"about":[{"href":"https:\/\/weinsfoods.kinex12.com\/fr\/wp-json\/wp\/v2\/types\/product"}],"wp:featuredmedia":[{"embeddable":true,"href":"https:\/\/weinsfoods.kinex12.com\/fr\/wp-json\/wp\/v2\/media\/1127"}],"wp:attachment":[{"href":"https:\/\/weinsfoods.kinex12.com\/fr\/wp-json\/wp\/v2\/media?parent=1066"}],"wp:term":[{"taxonomy":"product-category","embeddable":true,"href":"https:\/\/weinsfoods.kinex12.com\/fr\/wp-json\/wp\/v2\/product-category?post=1066"}],"curies":[{"name":"wp","href":"https:\/\/api.w.org\/{rel}","templated":true}]}}